{"id":494,"date":"2025-04-24T11:08:45","date_gmt":"2025-04-24T11:08:45","guid":{"rendered":"https:\/\/drnagygabor.hu\/adatvedelmi-tajekoztato\/"},"modified":"2026-04-18T16:01:41","modified_gmt":"2026-04-18T16:01:41","slug":"adatvedelmi-tajekoztato","status":"publish","type":"page","link":"https:\/\/drnagygabor.hu\/en\/adatvedelmi-tajekoztato\/","title":{"rendered":"Privacy Policy"},"content":{"rendered":"\t\t<div data-elementor-type=\"wp-page\" data-elementor-id=\"494\" class=\"elementor elementor-494 elementor-3\" data-elementor-post-type=\"page\">\n\t\t\t\t<div class=\"elementor-element elementor-element-60093a4d e-flex e-con-boxed e-con e-parent\" data-id=\"60093a4d\" data-element_type=\"container\" data-e-type=\"container\">\n\t\t\t\t\t<div class=\"e-con-inner\">\n\t\t\t\t<div class=\"elementor-element elementor-element-9bc14cf elementor-widget elementor-widget-text-editor\" data-id=\"9bc14cf\" data-element_type=\"widget\" data-e-type=\"widget\" data-widget_type=\"text-editor.default\">\n\t\t\t\t<div class=\"elementor-widget-container\">\n\t\t\t\t\t\t\t\t\t<p><strong>Adatv\u00e9delmi t\u00e1j\u00e9koztat\u00f3<\/strong><\/p>\n<p>Jelen Adatv\u00e9delmi t\u00e1j\u00e9koztat\u00f3 az Adatkezel\u0151 weboldala (<strong><a href=\"http:\/\/www.drnagygabor.hu\/\">www.drnagygabor.hu<\/a><\/strong>) haszn\u00e1latakor a Felhaszn\u00e1l\u00f3 esetlegesen megadott szem\u00e9lyes adatainak kezel\u00e9s\u00e9re, feldolgoz\u00e1s\u00e1ra, nyilv\u00e1ntart\u00e1s\u00e1ra vonatkoz\u00f3 alapvet\u0151 inform\u00e1ci\u00f3kat tartalmazza.<\/p>\n<p>Az Adatv\u00e9delmi t\u00e1j\u00e9koztat\u00f3 b\u00e1rmikor m\u00f3dos\u00edt\u00e1sra ker\u00fclhet, a Felhaszn\u00e1l\u00f3 k\u00f6teles id\u0151r\u0151l id\u0151re ellen\u0151rizni a weboldalt, biztos\u00edtand\u00f3, hogy az esetleges v\u00e1ltoz\u00e1sokr\u00f3l tudom\u00e1ssal b\u00edrjon. Jelen t\u00e1j\u00e9koztat\u00f3 a term\u00e9szetes szem\u00e9lyeknek a szem\u00e9lyes adatok kezel\u00e9se tekintet\u00e9ben t\u00f6rt\u00e9n\u0151 v\u00e9delm\u00e9r\u0151l \u00e9s az ilyen adatok szabad \u00e1raml\u00e1s\u00e1r\u00f3l, valamint a 95\/46\/EK rendelet hat\u00e1lyon k\u00edv\u00fcl helyez\u00e9s\u00e9r\u0151l (\u00e1ltal\u00e1nos adatv\u00e9delmi rendelet, a tov\u00e1bbiakban <strong>GDPR<\/strong>) sz\u00f3l\u00f3 az Eur\u00f3pai Parlament \u00e9s a Tan\u00e1cs (EU) 2016\/679 rendelete (2016. \u00e1prilis 27.) rendelkez\u00e9seinek figyelembev\u00e9tel\u00e9vel k\u00e9sz\u00fclt.<\/p>\n<p><strong>Adatkezel\u0151 adatai<\/strong><\/p>\n<p><strong>Adatkezel\u0151:<\/strong> Thermedent Fogorvosi Korl\u00e1tolt Felel\u0151ss\u00e9g\u0171 T\u00e1rsas\u00e1g<br \/><strong>Adatkezel\u0151 k\u00e9pvisel\u0151je:<\/strong> Dr. Nagy G\u00e1bor \u00fcgyvezet\u0151 &#8211; fogszakorvos<br \/><strong>Sz\u00e9khely:<\/strong> 9026 Gy\u0151r, B\u00e1csai \u00fat 113. fszt. 1.<br \/><strong>E-mail:<\/strong> <a href=\"mailto:info@drnagygabor.hu\">info@drnagygabor.hu<\/a><\/p>\n<p><strong>Adatv\u00e9delmi tisztvisel\u0151<\/strong><\/p>\n<p><strong>Dr. Kecskem\u00e9ti Kl\u00e1ra<\/strong><br \/><strong>E-mail:<\/strong> <a href=\"mailto:drkecskemetiklara@gmail.com\">drkecskemetiklara@gmail.com<\/a><\/p>\n<p><strong>Adatkezel\u00e9s, az adatkezel\u00e9s jogalapja<\/strong><\/p>\n<p>Az adatkezel\u00e9s jogalapja: a <strong>GDPR 6. cikk (1) bekezd\u00e9s a)<\/strong> pontja alapj\u00e1n a Felhaszn\u00e1l\u00f3 hozz\u00e1j\u00e1rul\u00e1sa.<\/p>\n<p>A <strong><a href=\"http:\/\/www.drnagygabor.hu\/\">www.drnagygabor.hu<\/a><\/strong> weboldal felhaszn\u00e1l\u00f3j\u00e1nak a weboldal haszn\u00e1latakor nem kell adatot megadnia. Adatkezel\u0151 felhaszn\u00e1l\u00f3r\u00f3l a weblap l\u00e1togat\u00e1sa sor\u00e1n cookie-k, pixel tagek seg\u00edts\u00e9g\u00e9vel adatokat gy\u0171jt. Felhaszn\u00e1l\u00f3nak hozz\u00e1 kell j\u00e1rulnia szem\u00e9lyes adatainak kezel\u00e9s\u00e9hez a t\u00e1j\u00e9koztat\u00f3 sz\u00f6vegr\u00e9sz el\u0151tti \u201echeckbox\u201d-ra kattint\u00e1ssal.<\/p>\n<p>Felhaszn\u00e1l\u00f3 tudom\u00e1sul veszi, hogy szem\u00e9lyes adatai felhaszn\u00e1l\u00e1s\u00e1nak megtilt\u00e1sa eset\u00e9n a t\u00e9rk\u00e9pes \u00fatvonalkeres\u0151 szolg\u00e1ltat\u00e1st nem, vagy csak korl\u00e1tozottan fogja tudni el\u00e9rni vagy ig\u00e9nybe venni.<\/p>\n<p>A cookie-k \u00e9s pixel tag-ek seg\u00edts\u00e9g\u00e9vel folytatott adatgy\u0171jt\u00e9s kiterjed a felhaszn\u00e1l\u00f3:<\/p>\n<ul>\n<li>\n<p>a honlap l\u00e1togat\u00e1s\u00e1nak kezd\u0151 \u00e9s befejez\u0151 id\u0151pontj\u00e1ra, az oldalon elt\u00f6lt\u00f6tt id\u0151tartam hossz\u00e1ra,<\/p>\n<\/li>\n<li>\n<p>a felhaszn\u00e1l\u00f3 IP c\u00edm\u00e9re (kiz\u00e1r\u00f3lag a t\u00e9rk\u00e9pes \u00fatvonalkeres\u0151 haszn\u00e1lata eset\u00e9n),<\/p>\n<\/li>\n<li>\n<p>az oldalon megl\u00e1togatott tartalmakra, megtekintett aloldalakra,<\/p>\n<\/li>\n<li>\n<p>\u00e1ltal haszn\u00e1lt b\u00f6ng\u00e9sz\u0151 t\u00edpus\u00e1ra,<\/p>\n<\/li>\n<li>\n<p>az \u00e1ltala haszn\u00e1lt oper\u00e1ci\u00f3s rendszer \u00e9s eszk\u00f6z megjel\u00f6l\u00e9s\u00e9re,<\/p>\n<\/li>\n<li>\n<p>weblapon bel\u00fcl haszn\u00e1lt keres\u00e9si adataira,<\/p>\n<\/li>\n<li>\n<p>Facebook azonos\u00edt\u00f3 adataira, illetve Google azonos\u00edt\u00f3 adataira,<\/p>\n<\/li>\n<li>\n<p>valamint a harmadik f\u00e9lhez tartoz\u00f3 azon weboldal vagy szolg\u00e1ltat\u00e1s megtekint\u00e9s\u00e9nek t\u00e9ny\u00e9re, amelyet a felhaszn\u00e1l\u00f3 a weboldallal val\u00f3 kommunik\u00e1ci\u00f3 el\u0151tt ig\u00e9nybe vett.<\/p>\n<\/li>\n<\/ul>\n<p>Az adatkezel\u0151 ezen adatokat nem kapcsolja \u00f6ssze m\u00e1s szem\u00e9lyes adatokkal.<\/p>\n<p>Felhaszn\u00e1l\u00f3 b\u00e1rmikor visszavonhatja hozz\u00e1j\u00e1rul\u00e1s\u00e1t. A hozz\u00e1j\u00e1rul\u00e1s visszavon\u00e1sa nem \u00e9rinti a hozz\u00e1j\u00e1rul\u00e1son alapul\u00f3, a visszavon\u00e1s el\u0151tti adatkezel\u00e9s jogszer\u0171s\u00e9g\u00e9t. Az adatkezel\u00e9si hozz\u00e1j\u00e1rul\u00e1st az \u00e9rintett \u00edr\u00e1sban az al\u00e1bbi e-mail c\u00edmen vonhatja vissza:<\/p>\n<p><strong><a href=\"mailto:info@drnagygabor.hu\">info@drnagygabor.hu<\/a><\/strong><\/p>\n<p><strong>Az adatkezel\u00e9s c\u00e9lja<\/strong><\/p>\n<p>Az adatkezel\u00e9s c\u00e9lja a felhaszn\u00e1l\u00f3i \u00e9lm\u00e9ny jav\u00edt\u00e1sa, a weboldal szolg\u00e1ltat\u00e1sainak tov\u00e1bbfejleszt\u00e9se, a weboldalon kereszt\u00fcl el\u00e9rhet\u0151 szolg\u00e1ltat\u00e1sokkal kapcsolatos, min\u00e9l sz\u00e9lesebb k\u00f6r\u0171 t\u00e1j\u00e9koztat\u00e1s ny\u00fajt\u00e1sa. Az adatkezel\u0151 a sz\u00e1m\u00edt\u00f3g\u00e9pes rendszer\u00e9ben k\u00e9pz\u0151d\u00f6tt adatokat statisztikai c\u00e9lra, a weboldal l\u00e1togatotts\u00e1g\u00e1nak, forgalm\u00e1nak m\u00e9r\u00e9s\u00e9re haszn\u00e1lja fel.<\/p>\n<p>Az adatkezel\u00e9ssel \u00f6sszef\u00fcgg\u00e9sben profilalkot\u00e1s, automatiz\u00e1lt d\u00f6nt\u00e9shozatal nem t\u00f6rt\u00e9nik.<\/p>\n<p><strong>Adattov\u00e1bb\u00edt\u00e1s<\/strong><\/p>\n<p>Szem\u00e9lyes adatok harmadik szem\u00e9lyek r\u00e9sz\u00e9re, harmadik orsz\u00e1gba vagy nemzetk\u00f6zi szervezet r\u00e9sz\u00e9re nem ker\u00fclnek tov\u00e1bb\u00edt\u00e1sra.<\/p>\n<p>Adatkezel\u0151 a szem\u00e9lyes adatok statisztikai c\u00e9l\u00fa feldolgoz\u00e1s\u00e1ra adatfeldolgoz\u00f3 k\u00f6zrem\u0171k\u00f6d\u00e9s\u00e9t veszi ig\u00e9nybe.<\/p>\n<p><strong>Adatfeldolgoz\u00f3:<\/strong> Farkas Tibor egy\u00e9ni v\u00e1llalkoz\u00f3 (9026 Gy\u0151r, Kagyl\u00f3 utca 5., nyilv\u00e1ntart\u00e1si sz\u00e1ma: 32388095)<\/p>\n<p><strong>Az adatkezel\u00e9s id\u0151tartama<\/strong><\/p>\n<p>Adatkezel\u0151 a szem\u00e9lyes adatokat 30 napig t\u00e1rolja, ezt k\u00f6vet\u0151en t\u00f6rl\u00e9sre ker\u00fclnek.<\/p>\n<p>Adatkezel\u0151 az \u00e1ltala gy\u0171jt\u00f6tt adatok alapj\u00e1n k\u00e9pzett statisztikai adatokb\u00f3l az adatok k\u00e9pz\u00e9s\u00e9t k\u00f6vet\u0151en nem tud kapcsolatot k\u00e9pezni Felhaszn\u00e1l\u00f3 szem\u00e9lyes adataival.<\/p>\n<p>Amennyiben Felhaszn\u00e1l\u00f3 a Weboldallal kapcsolatos keres\u0151motor-be\u00e1ll\u00edt\u00e1sain (a tov\u00e1bbiakban: cookie) k\u00edv\u00e1n m\u00f3dos\u00edtani, esetleg azokat t\u00f6r\u00f6lni szeretn\u00e9, akkor azt \u2013 mivel a cookie-k a Felhaszn\u00e1l\u00f3 g\u00e9p\u00e9n \u00e9s nem a Weboldal \u00dczemeltet\u0151j\u00e9n\u00e9l ker\u00fclnek t\u00e1rol\u00e1sra \u2013 a web el\u00e9r\u00e9s\u00e9re haszn\u00e1lt b\u00f6ng\u00e9sz\u0151 be\u00e1ll\u00edt\u00e1sain\u00e1l teheti meg. Ezekr\u0151l a Felhaszn\u00e1l\u00f3 haszn\u00e1lt b\u00f6ng\u00e9sz\u0151 saj\u00e1t S\u00fag\u00f3j\u00e1ban kaphat tov\u00e1bbi t\u00e1j\u00e9koztat\u00e1st, \u00e9s seg\u00edts\u00e9g\u00e9vel m\u00f3dos\u00edthat kor\u00e1bbi cookie-be\u00e1ll\u00edt\u00e1sain, esetleg t\u00f6r\u00f6lheti a b\u00f6ng\u00e9sz\u00e9sre haszn\u00e1lt eszk\u00f6z\u00e9n a kor\u00e1bban az \u00dczemeltet\u0151 \u00e1ltal elhelyezett cookie-kat.<\/p>\n<p><strong>A Felhaszn\u00e1l\u00f3k szem\u00e9lyes adataik kezel\u00e9s\u00e9vel kapcsolatos jogai<\/strong><\/p>\n<p><strong>Az adatkezel\u00e9ssel kapcsolatos jogok<\/strong><\/p>\n<p>Felhaszn\u00e1l\u00f3 az Adatkezel\u0151t\u0151l az a) pontban foglalt el\u00e9rhet\u0151s\u00e9geken kereszt\u00fcl \u00edr\u00e1sban t\u00e1j\u00e9koztat\u00e1st k\u00e9rhet arra vonatkoz\u00f3an, az Adatkezel\u0151 milyen szem\u00e9lyes adat\u00e1t, milyen jogalapon, milyen adatkezel\u00e9si c\u00e9lb\u00f3l, milyen forr\u00e1sb\u00f3l, mennyi ideig kezeli, az Adatkezel\u0151 kinek, mikor, milyen jogszab\u00e1ly alapj\u00e1n, mely szem\u00e9lyes adat\u00e1hoz biztos\u00edtott hozz\u00e1f\u00e9r\u00e9st vagy kinek tov\u00e1bb\u00edtotta az adat\u00e1t.<\/p>\n<p>Felhaszn\u00e1l\u00f3 az Adatkezel\u0151t\u0151l az a) pontban foglalt el\u00e9rhet\u0151s\u00e9geken kereszt\u00fcl \u00edr\u00e1sban k\u00e9rheti a r\u00e1 vonatkoz\u00f3 szem\u00e9lyes adat helyesb\u00edt\u00e9s\u00e9t (m\u00f3dos\u00edt\u00e1s\u00e1t), az adatkezel\u00e9s c\u00e9lj\u00e1ra tekintettel annak kieg\u00e9sz\u00edt\u00e9s\u00e9t, t\u00f6rl\u00e9s\u00e9t \u00e9s tiltakozhat az ilyen szem\u00e9lyes adat kezel\u00e9se ellen.<\/p>\n<p>Adatkezel\u0151 a k\u00e9relmet indokolatlan k\u00e9sedelem n\u00e9lk\u00fcl teljes\u00edti, az int\u00e9zked\u00e9sr\u0151l, vagy az int\u00e9zked\u00e9s elmarad\u00e1s\u00e1nak indok\u00e1r\u00f3l a Felhaszn\u00e1l\u00f3t legk\u00e9s\u0151bb 1 h\u00f3napon bel\u00fcl \u00e9rtes\u00edti. Az 1 h\u00f3napos hat\u00e1rid\u0151 a k\u00e9relem \u00f6sszetetts\u00e9g\u00e9re, \u00e9s a k\u00e9relmek sz\u00e1m\u00e1ra tekintettel, 2 h\u00f3nappal meghosszabb\u00edthat\u00f3. A hat\u00e1rid\u0151 meghosszabb\u00edt\u00e1s\u00e1r\u00f3l az Adatkezel\u0151 a k\u00e9sedelem okainak megjel\u00f6l\u00e9s\u00e9r\u0151l a k\u00e9relem k\u00e9zhezv\u00e9tel\u00e9t\u0151l sz\u00e1m\u00edtott 1 h\u00f3napon bel\u00fcl t\u00e1j\u00e9koztatja a Felhaszn\u00e1l\u00f3t.<\/p>\n<p>Felhaszn\u00e1l\u00f3 az Adatkezel\u0151t\u0151l az a) pontban foglalt el\u00e9rhet\u0151s\u00e9geken kereszt\u00fcl \u00edr\u00e1sban k\u00e9rheti, hogy Adatkezel\u0151 korl\u00e1tozza a szem\u00e9lyes adat kezel\u00e9s\u00e9t, ha a Felhaszn\u00e1l\u00f3:<\/p>\n<ul>\n<li>\n<p>vitatja az adat pontoss\u00e1g\u00e1t, a pontoss\u00e1g Adatkezel\u0151 \u00e1ltali ellen\u0151rz\u00e9s\u00e9nek id\u0151tartam\u00e1ra,<\/p>\n<\/li>\n<li>\n<p>vitatja az adatkezel\u00e9s jogszer\u0171s\u00e9g\u00e9t, \u00e9s az adat felhaszn\u00e1l\u00e1s\u00e1nak korl\u00e1toz\u00e1s\u00e1t k\u00e9ri,<\/p>\n<\/li>\n<li>\n<p>azt jogi ig\u00e9nyek el\u0151terjeszt\u00e9s\u00e9hez, \u00e9rv\u00e9nyes\u00edt\u00e9s\u00e9hez vagy v\u00e9delm\u00e9hez k\u00e9ri, b\u00e1r az Adatkezel\u0151nek m\u00e1r nincs sz\u00fcks\u00e9ge a szem\u00e9lyes adatra,<\/p>\n<\/li>\n<li>\n<p>tiltakozik a szem\u00e9lyes adatok kezel\u00e9se ellen, arra az id\u0151tartamra, am\u00edg meg\u00e1llap\u00edt\u00e1sra nem ker\u00fcl, hogy az Adatkezel\u0151 jogos indokai els\u0151bbs\u00e9get \u00e9lveznek-e a Felhaszn\u00e1l\u00f3 jogos indokaival szemben.<\/p>\n<\/li>\n<\/ul>\n<p><strong>Adathordozhat\u00f3s\u00e1ghoz val\u00f3 jog:<\/strong> Felhaszn\u00e1l\u00f3 jogosult arra, hogy a r\u00e1 vonatkoz\u00f3 szem\u00e9lyes adatokat tagolt, sz\u00e9les k\u00f6rben haszn\u00e1lt, g\u00e9ppel olvashat\u00f3 form\u00e1tumban megkapja, tov\u00e1bb\u00e1 jogosult arra, hogy ezeket az adatokat egy m\u00e1sik adatkezel\u0151nek tov\u00e1bb\u00edtsa, an\u00e9lk\u00fcl, hogy ezt az adatkezel\u0151 akad\u00e1lyozn\u00e1, ha az adatkezel\u00e9s olyan szerz\u0151d\u00e9sen alapul, amelyben az \u00c9rintett az egyik f\u00e9l, vagy az adatkezel\u00e9s az \u00c9rintett hozz\u00e1j\u00e1rul\u00e1s\u00e1n alapul, \u00e9s az adatkezel\u00e9s automatiz\u00e1lt m\u00f3don t\u00f6rt\u00e9nik. Felhaszn\u00e1l\u00f3 k\u00e9rheti tov\u00e1bb\u00e1 \u2013 ha ez technikailag megval\u00f3s\u00edthat\u00f3 \u2013 a szem\u00e9lyes adat adatkezel\u0151k k\u00f6z\u00f6tti k\u00f6zvetlen tov\u00e1bb\u00edt\u00e1s\u00e1t.<\/p>\n<p><strong>Adatbiztons\u00e1g<\/strong><\/p>\n<p>Adatkezel\u0151 minden sz\u00fcks\u00e9ges biztons\u00e1gi l\u00e9p\u00e9st, szervez\u00e9si \u00e9s technikai int\u00e9zked\u00e9st megtesz annak \u00e9rdek\u00e9ben, hogy biztos\u00edtsa az \u00e9rintettek mag\u00e1nszf\u00e9r\u00e1j\u00e1nak v\u00e9delm\u00e9t. Az adatkezel\u0151 megfelel\u0151 technikai \u00e9s szem\u00e9lyi int\u00e9zked\u00e9sekkel gondoskodik arr\u00f3l, hogy az \u00e1ltala kezelt szem\u00e9lyes adatokat v\u00e9dje t\u00f6bbek k\u00f6z\u00f6tt a jogosulatlan hozz\u00e1f\u00e9r\u00e9s ellen vagy azok jogosulatlan megv\u00e1ltoztat\u00e1sa ellen. (Pl. gondoskodik a szem\u00e9lyes adatok biztons\u00e1gos t\u00e1rol\u00e1s\u00e1r\u00f3l, a hozz\u00e1f\u00e9r\u00e9si jogokat szab\u00e1lyozza, a sz\u00fcks\u00e9ges m\u00e9rt\u00e9k\u0171 hozz\u00e1f\u00e9r\u00e9sre korl\u00e1tozza.)<\/p>\t\t\t\t\t\t\t\t<\/div>\n\t\t\t\t<\/div>\n\t\t\t\t\t<\/div>\n\t\t\t\t<\/div>\n\t\t\t\t<\/div>\n\t\t","protected":false},"excerpt":{"rendered":"<p>Adatv\u00e9delmi t\u00e1j\u00e9koztat\u00f3 Jelen Adatv\u00e9delmi t\u00e1j\u00e9koztat\u00f3 az Adatkezel\u0151 weboldala (www.drnagygabor.hu) haszn\u00e1latakor a Felhaszn\u00e1l\u00f3 esetlegesen megadott szem\u00e9lyes adatainak kezel\u00e9s\u00e9re, feldolgoz\u00e1s\u00e1ra, nyilv\u00e1ntart\u00e1s\u00e1ra vonatkoz\u00f3 alapvet\u0151 inform\u00e1ci\u00f3kat tartalmazza. Az Adatv\u00e9delmi t\u00e1j\u00e9koztat\u00f3 b\u00e1rmikor m\u00f3dos\u00edt\u00e1sra ker\u00fclhet, a Felhaszn\u00e1l\u00f3 k\u00f6teles id\u0151r\u0151l id\u0151re ellen\u0151rizni a weboldalt, biztos\u00edtand\u00f3, hogy az esetleges v\u00e1ltoz\u00e1sokr\u00f3l tudom\u00e1ssal b\u00edrjon. Jelen t\u00e1j\u00e9koztat\u00f3 a term\u00e9szetes szem\u00e9lyeknek a szem\u00e9lyes adatok kezel\u00e9se tekintet\u00e9ben t\u00f6rt\u00e9n\u0151 [&hellip;]<\/p>\n","protected":false},"author":1,"featured_media":0,"parent":0,"menu_order":0,"comment_status":"closed","ping_status":"closed","template":"elementor_header_footer","meta":{"footnotes":""},"class_list":["post-494","page","type-page","status-publish","hentry"],"_links":{"self":[{"href":"https:\/\/drnagygabor.hu\/en\/wp-json\/wp\/v2\/pages\/494","targetHints":{"allow":["GET"]}}],"collection":[{"href":"https:\/\/drnagygabor.hu\/en\/wp-json\/wp\/v2\/pages"}],"about":[{"href":"https:\/\/drnagygabor.hu\/en\/wp-json\/wp\/v2\/types\/page"}],"author":[{"embeddable":true,"href":"https:\/\/drnagygabor.hu\/en\/wp-json\/wp\/v2\/users\/1"}],"replies":[{"embeddable":true,"href":"https:\/\/drnagygabor.hu\/en\/wp-json\/wp\/v2\/comments?post=494"}],"version-history":[{"count":1,"href":"https:\/\/drnagygabor.hu\/en\/wp-json\/wp\/v2\/pages\/494\/revisions"}],"predecessor-version":[{"id":495,"href":"https:\/\/drnagygabor.hu\/en\/wp-json\/wp\/v2\/pages\/494\/revisions\/495"}],"wp:attachment":[{"href":"https:\/\/drnagygabor.hu\/en\/wp-json\/wp\/v2\/media?parent=494"}],"curies":[{"name":"wp","href":"https:\/\/api.w.org\/{rel}","templated":true}]}}