{"id":462,"date":"2025-05-16T08:06:59","date_gmt":"2025-05-16T08:06:59","guid":{"rendered":"https:\/\/drnagygabor.hu\/rolam\/"},"modified":"2026-04-18T18:49:05","modified_gmt":"2026-04-18T18:49:05","slug":"rolam","status":"publish","type":"page","link":"https:\/\/drnagygabor.hu\/sk\/rolam\/","title":{"rendered":"Predstavenie"},"content":{"rendered":"\t\t<div data-elementor-type=\"wp-page\" data-elementor-id=\"462\" class=\"elementor elementor-462 elementor-180\" data-elementor-post-type=\"page\">\n\t\t\t\t<div class=\"elementor-element elementor-element-c02818a e-flex e-con-boxed e-con e-parent\" data-id=\"c02818a\" data-element_type=\"container\" data-e-type=\"container\">\n\t\t\t\t\t<div class=\"e-con-inner\">\n\t\t<div class=\"elementor-element elementor-element-eae60c5 e-grid e-con-full e-con e-child\" data-id=\"eae60c5\" data-element_type=\"container\" data-e-type=\"container\">\n\t\t<div class=\"elementor-element elementor-element-46620ad e-con-full e-flex e-con e-child\" data-id=\"46620ad\" data-element_type=\"container\" data-e-type=\"container\">\n\t\t\t\t<div class=\"elementor-element elementor-element-92b4e98 elementor-widget elementor-widget-heading\" data-id=\"92b4e98\" data-element_type=\"widget\" data-e-type=\"widget\" data-widget_type=\"heading.default\">\n\t\t\t\t<div class=\"elementor-widget-container\">\n\t\t\t\t\t<h2 class=\"elementor-heading-title elementor-size-default\">Dr. Nagy G\u00e1bor<\/h2>\t\t\t\t<\/div>\n\t\t\t\t<\/div>\n\t\t\t\t<div class=\"elementor-element elementor-element-230a42d elementor-widget elementor-widget-text-editor\" data-id=\"230a42d\" data-element_type=\"widget\" data-e-type=\"widget\" data-widget_type=\"text-editor.default\">\n\t\t\t\t<div class=\"elementor-widget-container\">\n\t\t\t\t\t\t\t\t\t<p data-start=\"0\" data-end=\"438\">Som V\u00e1m k dispoz\u00edcii v s\u00fakromnej ambulancii, kde popri vyu\u017e\u00edvan\u00ed nov\u00fdch mo\u017enost\u00ed, ktor\u00e9 poskytuje rozvoj v oblasti stomatol\u00f3gie a najmodernej\u0161ia technika, by som r\u00e1d v\u0161etk\u00fdm pacientom pon\u00fakol e\u0161te sofistikovanej\u0161ie a na mieru \u0161it\u00e9 slu\u017eby uspokojuj\u00face aj \u0161peci\u00e1lne potreby, v exkluz\u00edvnom prostred\u00ed s pomocou vynikaj\u00faceho person\u00e1lu. Moj\u00edm cie\u013eom je rozv\u00edja\u0165 komplexn\u00fa starostlivos\u0165 o pacienta prostredn\u00edctvom jedine\u010dnej a exkluz\u00edvnej praxe.<\/p><p data-start=\"440\" data-end=\"893\">Narodil som sa v roku 1972, v roku 1997 som absolvoval Univerzitu medic\u00edny v Debrec\u00edne a v roku 1999 som z\u00edskal \u0161pecializ\u00e1ciu na zubn\u00e9 a \u00fastne ochorenia. V roku 2008 som na m\u00fcnsterskej International Medical College (Nemecko) z\u00edskal diplom \u201eMaster of Oral Medicine in Implantology\u201d (magistersk\u00fd titul v odbore implantol\u00f3gie). Neust\u00e1le rozv\u00edjam svoje profesion\u00e1lne zru\u010dnosti a absolvoval som, resp. z\u00fa\u010dast\u0148ujem sa r\u00f4znych vysokoodborn\u00fdch kurzov a \u0161kolen\u00ed.<\/p><p data-start=\"895\" data-end=\"1016\" data-is-last-node=\"\" data-is-only-node=\"\">Hovor\u00edm na pokro\u010dilej \u00farovni nemecky, anglicky a taliansky na konverza\u010dnej \u00farovni. Som \u010dlenom Ma\u010farskej lek\u00e1rskej komory.<\/p>\t\t\t\t\t\t\t\t<\/div>\n\t\t\t\t<\/div>\n\t\t\t\t<\/div>\n\t\t\t\t<div class=\"elementor-element elementor-element-3bbfe43 elementor-widget elementor-widget-image\" data-id=\"3bbfe43\" data-element_type=\"widget\" data-e-type=\"widget\" data-widget_type=\"image.default\">\n\t\t\t\t<div class=\"elementor-widget-container\">\n\t\t\t\t\t\t\t\t\t\t\t\t\t\t\t<img fetchpriority=\"high\" decoding=\"async\" width=\"900\" height=\"780\" src=\"https:\/\/drnagygabor.hu\/wp-content\/uploads\/2025\/05\/Section-2.png\" class=\"attachment-full size-full wp-image-441\" alt=\"\" srcset=\"https:\/\/drnagygabor.hu\/wp-content\/uploads\/2025\/05\/Section-2.png 900w, https:\/\/drnagygabor.hu\/wp-content\/uploads\/2025\/05\/Section-2-300x260.png 300w, https:\/\/drnagygabor.hu\/wp-content\/uploads\/2025\/05\/Section-2-768x666.png 768w\" sizes=\"(max-width: 900px) 100vw, 900px\" \/>\t\t\t\t\t\t\t\t\t\t\t\t\t\t\t<\/div>\n\t\t\t\t<\/div>\n\t\t\t\t<\/div>\n\t\t\t\t\t<\/div>\n\t\t\t\t<\/div>\n\t\t\t\t<\/div>\n\t\t","protected":false},"excerpt":{"rendered":"<p>Dr. Nagy G\u00e1bor Som V\u00e1m k dispoz\u00edcii v s\u00fakromnej ambulancii, kde popri vyu\u017e\u00edvan\u00ed nov\u00fdch mo\u017enost\u00ed, ktor\u00e9 poskytuje rozvoj v oblasti stomatol\u00f3gie a najmodernej\u0161ia technika, by som r\u00e1d v\u0161etk\u00fdm pacientom pon\u00fakol e\u0161te sofistikovanej\u0161ie a na mieru \u0161it\u00e9 slu\u017eby uspokojuj\u00face aj \u0161peci\u00e1lne potreby, v exkluz\u00edvnom prostred\u00ed s pomocou vynikaj\u00faceho person\u00e1lu. Moj\u00edm cie\u013eom je rozv\u00edja\u0165 komplexn\u00fa starostlivos\u0165 o [&hellip;]<\/p>\n","protected":false},"author":1,"featured_media":0,"parent":0,"menu_order":0,"comment_status":"closed","ping_status":"closed","template":"elementor_header_footer","meta":{"footnotes":""},"class_list":["post-462","page","type-page","status-publish","hentry"],"_links":{"self":[{"href":"https:\/\/drnagygabor.hu\/sk\/wp-json\/wp\/v2\/pages\/462","targetHints":{"allow":["GET"]}}],"collection":[{"href":"https:\/\/drnagygabor.hu\/sk\/wp-json\/wp\/v2\/pages"}],"about":[{"href":"https:\/\/drnagygabor.hu\/sk\/wp-json\/wp\/v2\/types\/page"}],"author":[{"embeddable":true,"href":"https:\/\/drnagygabor.hu\/sk\/wp-json\/wp\/v2\/users\/1"}],"replies":[{"embeddable":true,"href":"https:\/\/drnagygabor.hu\/sk\/wp-json\/wp\/v2\/comments?post=462"}],"version-history":[{"count":4,"href":"https:\/\/drnagygabor.hu\/sk\/wp-json\/wp\/v2\/pages\/462\/revisions"}],"predecessor-version":[{"id":527,"href":"https:\/\/drnagygabor.hu\/sk\/wp-json\/wp\/v2\/pages\/462\/revisions\/527"}],"wp:attachment":[{"href":"https:\/\/drnagygabor.hu\/sk\/wp-json\/wp\/v2\/media?parent=462"}],"curies":[{"name":"wp","href":"https:\/\/api.w.org\/{rel}","templated":true}]}}